{"id":558,"date":"2018-10-24T15:27:19","date_gmt":"2018-10-24T15:27:19","guid":{"rendered":"https:\/\/intronglobal.com\/eskisite\/?page_id=558"},"modified":"2018-12-25T15:35:59","modified_gmt":"2018-12-25T12:35:59","slug":"blog","status":"publish","type":"page","link":"https:\/\/intronglobal.com\/eskisite\/blog\/","title":{"rendered":"Blog"},"content":{"rendered":"<p>9<\/p>\n<p>timeline<\/p>\n<p>3<\/p>\n<p>date<\/p>\n<p>DESC<\/p>\n","protected":false},"excerpt":{"rendered":"<p>9 timeline 3 date DESC<\/p>\n","protected":false},"author":1,"featured_media":0,"parent":0,"menu_order":0,"comment_status":"closed","ping_status":"closed","template":"","meta":[],"yoast_head":"<!-- This site is optimized with the Yoast SEO plugin v18.5.1 - https:\/\/yoast.com\/wordpress\/plugins\/seo\/ -->\n<title>Blog - \u0130ntron Bili\u015fim<\/title>\n<meta name=\"description\" content=\"Bili\u015fim sekt\u00f6r\u00fcnde ger\u00e7ekle\u015fen son ke\u015fifleri, onlar\u0131n geli\u015fimini ve nas\u0131l uygulad\u0131\u011f\u0131m\u0131z\u0131 inceleyebilir, g\u00fcncel haber ve etkinlikleri takip edebilirsiniz.\" \/>\n<meta name=\"robots\" content=\"index, follow, max-snippet:-1, max-image-preview:large, max-video-preview:-1\" \/>\n<link rel=\"canonical\" href=\"https:\/\/intronglobal.com\/eskisite\/blog\/\" \/>\n<meta property=\"og:locale\" content=\"tr_TR\" \/>\n<meta property=\"og:type\" content=\"article\" \/>\n<meta property=\"og:title\" content=\"Blog - \u0130ntron Bili\u015fim\" \/>\n<meta property=\"og:description\" content=\"Bili\u015fim sekt\u00f6r\u00fcnde ger\u00e7ekle\u015fen son ke\u015fifleri, onlar\u0131n geli\u015fimini ve nas\u0131l uygulad\u0131\u011f\u0131m\u0131z\u0131 inceleyebilir, g\u00fcncel haber ve etkinlikleri takip edebilirsiniz.\" \/>\n<meta property=\"og:url\" content=\"https:\/\/intronglobal.com\/eskisite\/blog\/\" \/>\n<meta property=\"og:site_name\" content=\"\u0130ntron Bili\u015fim\" \/>\n<meta property=\"article:publisher\" content=\"https:\/\/www.facebook.com\/introntr\/\" \/>\n<meta property=\"article:modified_time\" content=\"2018-12-25T12:35:59+00:00\" \/>\n<meta name=\"twitter:card\" content=\"summary_large_image\" \/>\n<meta name=\"twitter:site\" content=\"@intronbilisimtr\" \/>\n<script type=\"application\/ld+json\" class=\"yoast-schema-graph\">{\"@context\":\"https:\/\/schema.org\",\"@graph\":[{\"@type\":\"WebSite\",\"@id\":\"https:\/\/intronglobal.com\/eskisite\/#website\",\"url\":\"https:\/\/intronglobal.com\/eskisite\/\",\"name\":\"\u0130ntron Bili\u015fim\",\"description\":\"Ke\u015ffet, Geli\u015ftir, Uygula...\",\"potentialAction\":[{\"@type\":\"SearchAction\",\"target\":{\"@type\":\"EntryPoint\",\"urlTemplate\":\"https:\/\/intronglobal.com\/eskisite\/?s={search_term_string}\"},\"query-input\":\"required name=search_term_string\"}],\"inLanguage\":\"tr\"},{\"@type\":\"WebPage\",\"@id\":\"https:\/\/intronglobal.com\/eskisite\/blog\/#webpage\",\"url\":\"https:\/\/intronglobal.com\/eskisite\/blog\/\",\"name\":\"Blog - \u0130ntron Bili\u015fim\",\"isPartOf\":{\"@id\":\"https:\/\/intronglobal.com\/eskisite\/#website\"},\"datePublished\":\"2018-10-24T15:27:19+00:00\",\"dateModified\":\"2018-12-25T12:35:59+00:00\",\"description\":\"Bili\u015fim sekt\u00f6r\u00fcnde ger\u00e7ekle\u015fen son ke\u015fifleri, onlar\u0131n geli\u015fimini ve nas\u0131l uygulad\u0131\u011f\u0131m\u0131z\u0131 inceleyebilir, g\u00fcncel haber ve etkinlikleri takip edebilirsiniz.\",\"breadcrumb\":{\"@id\":\"https:\/\/intronglobal.com\/eskisite\/blog\/#breadcrumb\"},\"inLanguage\":\"tr\",\"potentialAction\":[{\"@type\":\"ReadAction\",\"target\":[\"https:\/\/intronglobal.com\/eskisite\/blog\/\"]}]},{\"@type\":\"BreadcrumbList\",\"@id\":\"https:\/\/intronglobal.com\/eskisite\/blog\/#breadcrumb\",\"itemListElement\":[{\"@type\":\"ListItem\",\"position\":1,\"name\":\"Blog\"}]}]}<\/script>\n<!-- \/ Yoast SEO plugin. -->","yoast_head_json":{"title":"Blog - \u0130ntron Bili\u015fim","description":"Bili\u015fim sekt\u00f6r\u00fcnde ger\u00e7ekle\u015fen son ke\u015fifleri, onlar\u0131n geli\u015fimini ve nas\u0131l uygulad\u0131\u011f\u0131m\u0131z\u0131 inceleyebilir, g\u00fcncel haber ve etkinlikleri takip edebilirsiniz.","robots":{"index":"index","follow":"follow","max-snippet":"max-snippet:-1","max-image-preview":"max-image-preview:large","max-video-preview":"max-video-preview:-1"},"canonical":"https:\/\/intronglobal.com\/eskisite\/blog\/","og_locale":"tr_TR","og_type":"article","og_title":"Blog - \u0130ntron Bili\u015fim","og_description":"Bili\u015fim sekt\u00f6r\u00fcnde ger\u00e7ekle\u015fen son ke\u015fifleri, onlar\u0131n geli\u015fimini ve nas\u0131l uygulad\u0131\u011f\u0131m\u0131z\u0131 inceleyebilir, g\u00fcncel haber ve etkinlikleri takip edebilirsiniz.","og_url":"https:\/\/intronglobal.com\/eskisite\/blog\/","og_site_name":"\u0130ntron Bili\u015fim","article_publisher":"https:\/\/www.facebook.com\/introntr\/","article_modified_time":"2018-12-25T12:35:59+00:00","twitter_card":"summary_large_image","twitter_site":"@intronbilisimtr","schema":{"@context":"https:\/\/schema.org","@graph":[{"@type":"WebSite","@id":"https:\/\/intronglobal.com\/eskisite\/#website","url":"https:\/\/intronglobal.com\/eskisite\/","name":"\u0130ntron Bili\u015fim","description":"Ke\u015ffet, Geli\u015ftir, Uygula...","potentialAction":[{"@type":"SearchAction","target":{"@type":"EntryPoint","urlTemplate":"https:\/\/intronglobal.com\/eskisite\/?s={search_term_string}"},"query-input":"required name=search_term_string"}],"inLanguage":"tr"},{"@type":"WebPage","@id":"https:\/\/intronglobal.com\/eskisite\/blog\/#webpage","url":"https:\/\/intronglobal.com\/eskisite\/blog\/","name":"Blog - \u0130ntron Bili\u015fim","isPartOf":{"@id":"https:\/\/intronglobal.com\/eskisite\/#website"},"datePublished":"2018-10-24T15:27:19+00:00","dateModified":"2018-12-25T12:35:59+00:00","description":"Bili\u015fim sekt\u00f6r\u00fcnde ger\u00e7ekle\u015fen son ke\u015fifleri, onlar\u0131n geli\u015fimini ve nas\u0131l uygulad\u0131\u011f\u0131m\u0131z\u0131 inceleyebilir, g\u00fcncel haber ve etkinlikleri takip edebilirsiniz.","breadcrumb":{"@id":"https:\/\/intronglobal.com\/eskisite\/blog\/#breadcrumb"},"inLanguage":"tr","potentialAction":[{"@type":"ReadAction","target":["https:\/\/intronglobal.com\/eskisite\/blog\/"]}]},{"@type":"BreadcrumbList","@id":"https:\/\/intronglobal.com\/eskisite\/blog\/#breadcrumb","itemListElement":[{"@type":"ListItem","position":1,"name":"Blog"}]}]}},"_links":{"self":[{"href":"https:\/\/intronglobal.com\/eskisite\/wp-json\/wp\/v2\/pages\/558"}],"collection":[{"href":"https:\/\/intronglobal.com\/eskisite\/wp-json\/wp\/v2\/pages"}],"about":[{"href":"https:\/\/intronglobal.com\/eskisite\/wp-json\/wp\/v2\/types\/page"}],"author":[{"embeddable":true,"href":"https:\/\/intronglobal.com\/eskisite\/wp-json\/wp\/v2\/users\/1"}],"replies":[{"embeddable":true,"href":"https:\/\/intronglobal.com\/eskisite\/wp-json\/wp\/v2\/comments?post=558"}],"version-history":[{"count":0,"href":"https:\/\/intronglobal.com\/eskisite\/wp-json\/wp\/v2\/pages\/558\/revisions"}],"wp:attachment":[{"href":"https:\/\/intronglobal.com\/eskisite\/wp-json\/wp\/v2\/media?parent=558"}],"curies":[{"name":"wp","href":"https:\/\/api.w.org\/{rel}","templated":true}]}}