{"id":757,"date":"2018-11-15T13:34:55","date_gmt":"2018-11-15T10:34:55","guid":{"rendered":"https:\/\/intronglobal.com\/eskisite\/?page_id=757"},"modified":"2019-03-27T16:31:20","modified_gmt":"2019-03-27T13:31:20","slug":"homepage","status":"publish","type":"page","link":"https:\/\/intronglobal.com\/eskisite\/en\/","title":{"rendered":"Homepage"},"content":{"rendered":"","protected":false},"excerpt":{"rendered":"","protected":false},"author":1,"featured_media":0,"parent":0,"menu_order":0,"comment_status":"closed","ping_status":"closed","template":"","meta":[],"yoast_head":"<!-- This site is optimized with the Yoast SEO plugin v18.5.1 - https:\/\/yoast.com\/wordpress\/plugins\/seo\/ -->\n<title>Intron - Bili\u015fim&#039;de \u00d6nc\u00fc Proje M\u00fchendislik ve Entegrat\u00f6r \u015eirketiniz<\/title>\n<meta name=\"description\" content=\"\u0130NTRON Bili\u015fim, m\u00fc\u015fterilerini zaman\u0131n teknolojik yenilikleri ile tan\u0131\u015ft\u0131rmay\u0131 ve kullanabilmesini sa\u011flamay\u0131 hedefleyen IT sekt\u00f6r\u00fcn\u00fcn \u00f6nc\u00fc proje, m\u00fchendislik ve entegrat\u00f6r \u015firketidir.\" \/>\n<meta name=\"robots\" content=\"index, follow, max-snippet:-1, max-image-preview:large, max-video-preview:-1\" \/>\n<link rel=\"canonical\" href=\"https:\/\/intronglobal.com\/eskisite\/en\/\" \/>\n<meta property=\"og:locale\" content=\"tr_TR\" \/>\n<meta property=\"og:type\" content=\"article\" \/>\n<meta property=\"og:title\" content=\"Intron - Bili\u015fim&#039;de \u00d6nc\u00fc Proje M\u00fchendislik ve Entegrat\u00f6r \u015eirketiniz\" \/>\n<meta property=\"og:description\" content=\"\u0130NTRON Bili\u015fim, m\u00fc\u015fterilerini zaman\u0131n teknolojik yenilikleri ile tan\u0131\u015ft\u0131rmay\u0131 ve kullanabilmesini sa\u011flamay\u0131 hedefleyen IT sekt\u00f6r\u00fcn\u00fcn \u00f6nc\u00fc proje, m\u00fchendislik ve entegrat\u00f6r \u015firketidir.\" \/>\n<meta property=\"og:url\" content=\"https:\/\/intronglobal.com\/eskisite\/en\/\" \/>\n<meta property=\"og:site_name\" content=\"\u0130ntron Bili\u015fim\" \/>\n<meta property=\"article:publisher\" content=\"https:\/\/www.facebook.com\/introntr\/\" \/>\n<meta property=\"article:modified_time\" content=\"2019-03-27T13:31:20+00:00\" \/>\n<meta name=\"twitter:card\" content=\"summary_large_image\" \/>\n<meta name=\"twitter:site\" content=\"@intronbilisimtr\" \/>\n<script type=\"application\/ld+json\" class=\"yoast-schema-graph\">{\"@context\":\"https:\/\/schema.org\",\"@graph\":[{\"@type\":\"WebSite\",\"@id\":\"https:\/\/intronglobal.com\/eskisite\/#website\",\"url\":\"https:\/\/intronglobal.com\/eskisite\/\",\"name\":\"\u0130ntron Bili\u015fim\",\"description\":\"Ke\u015ffet, Geli\u015ftir, Uygula...\",\"potentialAction\":[{\"@type\":\"SearchAction\",\"target\":{\"@type\":\"EntryPoint\",\"urlTemplate\":\"https:\/\/intronglobal.com\/eskisite\/?s={search_term_string}\"},\"query-input\":\"required name=search_term_string\"}],\"inLanguage\":\"tr\"},{\"@type\":\"WebPage\",\"@id\":\"https:\/\/intronglobal.com\/eskisite\/en\/#webpage\",\"url\":\"https:\/\/intronglobal.com\/eskisite\/en\/\",\"name\":\"Intron - Bili\u015fim'de \u00d6nc\u00fc Proje M\u00fchendislik ve Entegrat\u00f6r \u015eirketiniz\",\"isPartOf\":{\"@id\":\"https:\/\/intronglobal.com\/eskisite\/#website\"},\"datePublished\":\"2018-11-15T10:34:55+00:00\",\"dateModified\":\"2019-03-27T13:31:20+00:00\",\"description\":\"\u0130NTRON Bili\u015fim, m\u00fc\u015fterilerini zaman\u0131n teknolojik yenilikleri ile tan\u0131\u015ft\u0131rmay\u0131 ve kullanabilmesini sa\u011flamay\u0131 hedefleyen IT sekt\u00f6r\u00fcn\u00fcn \u00f6nc\u00fc proje, m\u00fchendislik ve entegrat\u00f6r \u015firketidir.\",\"breadcrumb\":{\"@id\":\"https:\/\/intronglobal.com\/eskisite\/en\/#breadcrumb\"},\"inLanguage\":\"tr\",\"potentialAction\":[{\"@type\":\"ReadAction\",\"target\":[\"https:\/\/intronglobal.com\/eskisite\/en\/\"]}]},{\"@type\":\"BreadcrumbList\",\"@id\":\"https:\/\/intronglobal.com\/eskisite\/en\/#breadcrumb\",\"itemListElement\":[{\"@type\":\"ListItem\",\"position\":1,\"name\":\"Homepage\"}]}]}<\/script>\n<!-- \/ Yoast SEO plugin. -->","yoast_head_json":{"title":"Intron - Bili\u015fim'de \u00d6nc\u00fc Proje M\u00fchendislik ve Entegrat\u00f6r \u015eirketiniz","description":"\u0130NTRON Bili\u015fim, m\u00fc\u015fterilerini zaman\u0131n teknolojik yenilikleri ile tan\u0131\u015ft\u0131rmay\u0131 ve kullanabilmesini sa\u011flamay\u0131 hedefleyen IT sekt\u00f6r\u00fcn\u00fcn \u00f6nc\u00fc proje, m\u00fchendislik ve entegrat\u00f6r \u015firketidir.","robots":{"index":"index","follow":"follow","max-snippet":"max-snippet:-1","max-image-preview":"max-image-preview:large","max-video-preview":"max-video-preview:-1"},"canonical":"https:\/\/intronglobal.com\/eskisite\/en\/","og_locale":"tr_TR","og_type":"article","og_title":"Intron - Bili\u015fim'de \u00d6nc\u00fc Proje M\u00fchendislik ve Entegrat\u00f6r \u015eirketiniz","og_description":"\u0130NTRON Bili\u015fim, m\u00fc\u015fterilerini zaman\u0131n teknolojik yenilikleri ile tan\u0131\u015ft\u0131rmay\u0131 ve kullanabilmesini sa\u011flamay\u0131 hedefleyen IT sekt\u00f6r\u00fcn\u00fcn \u00f6nc\u00fc proje, m\u00fchendislik ve entegrat\u00f6r \u015firketidir.","og_url":"https:\/\/intronglobal.com\/eskisite\/en\/","og_site_name":"\u0130ntron Bili\u015fim","article_publisher":"https:\/\/www.facebook.com\/introntr\/","article_modified_time":"2019-03-27T13:31:20+00:00","twitter_card":"summary_large_image","twitter_site":"@intronbilisimtr","schema":{"@context":"https:\/\/schema.org","@graph":[{"@type":"WebSite","@id":"https:\/\/intronglobal.com\/eskisite\/#website","url":"https:\/\/intronglobal.com\/eskisite\/","name":"\u0130ntron Bili\u015fim","description":"Ke\u015ffet, Geli\u015ftir, Uygula...","potentialAction":[{"@type":"SearchAction","target":{"@type":"EntryPoint","urlTemplate":"https:\/\/intronglobal.com\/eskisite\/?s={search_term_string}"},"query-input":"required name=search_term_string"}],"inLanguage":"tr"},{"@type":"WebPage","@id":"https:\/\/intronglobal.com\/eskisite\/en\/#webpage","url":"https:\/\/intronglobal.com\/eskisite\/en\/","name":"Intron - Bili\u015fim'de \u00d6nc\u00fc Proje M\u00fchendislik ve Entegrat\u00f6r \u015eirketiniz","isPartOf":{"@id":"https:\/\/intronglobal.com\/eskisite\/#website"},"datePublished":"2018-11-15T10:34:55+00:00","dateModified":"2019-03-27T13:31:20+00:00","description":"\u0130NTRON Bili\u015fim, m\u00fc\u015fterilerini zaman\u0131n teknolojik yenilikleri ile tan\u0131\u015ft\u0131rmay\u0131 ve kullanabilmesini sa\u011flamay\u0131 hedefleyen IT sekt\u00f6r\u00fcn\u00fcn \u00f6nc\u00fc proje, m\u00fchendislik ve entegrat\u00f6r \u015firketidir.","breadcrumb":{"@id":"https:\/\/intronglobal.com\/eskisite\/en\/#breadcrumb"},"inLanguage":"tr","potentialAction":[{"@type":"ReadAction","target":["https:\/\/intronglobal.com\/eskisite\/en\/"]}]},{"@type":"BreadcrumbList","@id":"https:\/\/intronglobal.com\/eskisite\/en\/#breadcrumb","itemListElement":[{"@type":"ListItem","position":1,"name":"Homepage"}]}]}},"_links":{"self":[{"href":"https:\/\/intronglobal.com\/eskisite\/wp-json\/wp\/v2\/pages\/757"}],"collection":[{"href":"https:\/\/intronglobal.com\/eskisite\/wp-json\/wp\/v2\/pages"}],"about":[{"href":"https:\/\/intronglobal.com\/eskisite\/wp-json\/wp\/v2\/types\/page"}],"author":[{"embeddable":true,"href":"https:\/\/intronglobal.com\/eskisite\/wp-json\/wp\/v2\/users\/1"}],"replies":[{"embeddable":true,"href":"https:\/\/intronglobal.com\/eskisite\/wp-json\/wp\/v2\/comments?post=757"}],"version-history":[{"count":0,"href":"https:\/\/intronglobal.com\/eskisite\/wp-json\/wp\/v2\/pages\/757\/revisions"}],"wp:attachment":[{"href":"https:\/\/intronglobal.com\/eskisite\/wp-json\/wp\/v2\/media?parent=757"}],"curies":[{"name":"wp","href":"https:\/\/api.w.org\/{rel}","templated":true}]}}