{"id":968,"date":"2018-11-27T18:23:17","date_gmt":"2018-11-27T15:23:17","guid":{"rendered":"https:\/\/intronglobal.com\/eskisite\/?page_id=968"},"modified":"2018-12-25T16:52:42","modified_gmt":"2018-12-25T13:52:42","slug":"success-stories","status":"publish","type":"page","link":"https:\/\/intronglobal.com\/eskisite\/en\/success-stories\/","title":{"rendered":"Success Stories"},"content":{"rendered":"<p>40<\/p>\n<p>masonry-hover<\/p>\n<p>3<\/p>\n<p>menu_order<\/p>\n<p>DESC<\/p>\n","protected":false},"excerpt":{"rendered":"<p>40 masonry-hover 3 menu_order DESC<\/p>\n","protected":false},"author":1,"featured_media":0,"parent":0,"menu_order":0,"comment_status":"closed","ping_status":"closed","template":"","meta":[],"yoast_head":"<!-- This site is optimized with the Yoast SEO plugin v18.5.1 - https:\/\/yoast.com\/wordpress\/plugins\/seo\/ -->\n<title>Ba\u015far\u0131 Hikayeleri | \u0130ntron Bili\u015fim | Ke\u015ffet, Geli\u015ftir, Uygula...<\/title>\n<meta name=\"description\" content=\"\u0130ntron Bili\u015fim olarak ba\u015far\u0131 hikayemizi hayata ge\u00e7irdi\u011fimiz projelerimiz ile yazd\u0131k.400&#039;\u00fcn \u00fczerinde kuruma binlerce ba\u015far\u0131l\u0131 proje ger\u00e7ekle\u015ftirdik.\" \/>\n<meta name=\"robots\" content=\"index, follow, max-snippet:-1, max-image-preview:large, max-video-preview:-1\" \/>\n<link rel=\"canonical\" href=\"https:\/\/intronglobal.com\/eskisite\/en\/success-stories\/\" \/>\n<meta property=\"og:locale\" content=\"tr_TR\" \/>\n<meta property=\"og:type\" content=\"article\" \/>\n<meta property=\"og:title\" content=\"Ba\u015far\u0131 Hikayeleri | \u0130ntron Bili\u015fim | Ke\u015ffet, Geli\u015ftir, Uygula...\" \/>\n<meta property=\"og:description\" content=\"\u0130ntron Bili\u015fim olarak ba\u015far\u0131 hikayemizi hayata ge\u00e7irdi\u011fimiz projelerimiz ile yazd\u0131k.400&#039;\u00fcn \u00fczerinde kuruma binlerce ba\u015far\u0131l\u0131 proje ger\u00e7ekle\u015ftirdik.\" \/>\n<meta property=\"og:url\" content=\"https:\/\/intronglobal.com\/eskisite\/en\/success-stories\/\" \/>\n<meta property=\"og:site_name\" content=\"\u0130ntron Bili\u015fim\" \/>\n<meta property=\"article:publisher\" content=\"https:\/\/www.facebook.com\/introntr\/\" \/>\n<meta property=\"article:modified_time\" content=\"2018-12-25T13:52:42+00:00\" \/>\n<meta name=\"twitter:card\" content=\"summary_large_image\" \/>\n<meta name=\"twitter:site\" content=\"@intronbilisimtr\" \/>\n<script type=\"application\/ld+json\" class=\"yoast-schema-graph\">{\"@context\":\"https:\/\/schema.org\",\"@graph\":[{\"@type\":\"WebSite\",\"@id\":\"https:\/\/intronglobal.com\/eskisite\/#website\",\"url\":\"https:\/\/intronglobal.com\/eskisite\/\",\"name\":\"\u0130ntron Bili\u015fim\",\"description\":\"Ke\u015ffet, Geli\u015ftir, Uygula...\",\"potentialAction\":[{\"@type\":\"SearchAction\",\"target\":{\"@type\":\"EntryPoint\",\"urlTemplate\":\"https:\/\/intronglobal.com\/eskisite\/?s={search_term_string}\"},\"query-input\":\"required name=search_term_string\"}],\"inLanguage\":\"tr\"},{\"@type\":\"WebPage\",\"@id\":\"https:\/\/intronglobal.com\/eskisite\/en\/success-stories\/#webpage\",\"url\":\"https:\/\/intronglobal.com\/eskisite\/en\/success-stories\/\",\"name\":\"Ba\u015far\u0131 Hikayeleri | \u0130ntron Bili\u015fim | Ke\u015ffet, Geli\u015ftir, Uygula...\",\"isPartOf\":{\"@id\":\"https:\/\/intronglobal.com\/eskisite\/#website\"},\"datePublished\":\"2018-11-27T15:23:17+00:00\",\"dateModified\":\"2018-12-25T13:52:42+00:00\",\"description\":\"\u0130ntron Bili\u015fim olarak ba\u015far\u0131 hikayemizi hayata ge\u00e7irdi\u011fimiz projelerimiz ile yazd\u0131k.400'\u00fcn \u00fczerinde kuruma binlerce ba\u015far\u0131l\u0131 proje ger\u00e7ekle\u015ftirdik.\",\"breadcrumb\":{\"@id\":\"https:\/\/intronglobal.com\/eskisite\/en\/success-stories\/#breadcrumb\"},\"inLanguage\":\"tr\",\"potentialAction\":[{\"@type\":\"ReadAction\",\"target\":[\"https:\/\/intronglobal.com\/eskisite\/en\/success-stories\/\"]}]},{\"@type\":\"BreadcrumbList\",\"@id\":\"https:\/\/intronglobal.com\/eskisite\/en\/success-stories\/#breadcrumb\",\"itemListElement\":[{\"@type\":\"ListItem\",\"position\":1,\"name\":\"Success Stories\"}]}]}<\/script>\n<!-- \/ Yoast SEO plugin. -->","yoast_head_json":{"title":"Ba\u015far\u0131 Hikayeleri | \u0130ntron Bili\u015fim | Ke\u015ffet, Geli\u015ftir, Uygula...","description":"\u0130ntron Bili\u015fim olarak ba\u015far\u0131 hikayemizi hayata ge\u00e7irdi\u011fimiz projelerimiz ile yazd\u0131k.400'\u00fcn \u00fczerinde kuruma binlerce ba\u015far\u0131l\u0131 proje ger\u00e7ekle\u015ftirdik.","robots":{"index":"index","follow":"follow","max-snippet":"max-snippet:-1","max-image-preview":"max-image-preview:large","max-video-preview":"max-video-preview:-1"},"canonical":"https:\/\/intronglobal.com\/eskisite\/en\/success-stories\/","og_locale":"tr_TR","og_type":"article","og_title":"Ba\u015far\u0131 Hikayeleri | \u0130ntron Bili\u015fim | Ke\u015ffet, Geli\u015ftir, Uygula...","og_description":"\u0130ntron Bili\u015fim olarak ba\u015far\u0131 hikayemizi hayata ge\u00e7irdi\u011fimiz projelerimiz ile yazd\u0131k.400'\u00fcn \u00fczerinde kuruma binlerce ba\u015far\u0131l\u0131 proje ger\u00e7ekle\u015ftirdik.","og_url":"https:\/\/intronglobal.com\/eskisite\/en\/success-stories\/","og_site_name":"\u0130ntron Bili\u015fim","article_publisher":"https:\/\/www.facebook.com\/introntr\/","article_modified_time":"2018-12-25T13:52:42+00:00","twitter_card":"summary_large_image","twitter_site":"@intronbilisimtr","schema":{"@context":"https:\/\/schema.org","@graph":[{"@type":"WebSite","@id":"https:\/\/intronglobal.com\/eskisite\/#website","url":"https:\/\/intronglobal.com\/eskisite\/","name":"\u0130ntron Bili\u015fim","description":"Ke\u015ffet, Geli\u015ftir, Uygula...","potentialAction":[{"@type":"SearchAction","target":{"@type":"EntryPoint","urlTemplate":"https:\/\/intronglobal.com\/eskisite\/?s={search_term_string}"},"query-input":"required name=search_term_string"}],"inLanguage":"tr"},{"@type":"WebPage","@id":"https:\/\/intronglobal.com\/eskisite\/en\/success-stories\/#webpage","url":"https:\/\/intronglobal.com\/eskisite\/en\/success-stories\/","name":"Ba\u015far\u0131 Hikayeleri | \u0130ntron Bili\u015fim | Ke\u015ffet, Geli\u015ftir, Uygula...","isPartOf":{"@id":"https:\/\/intronglobal.com\/eskisite\/#website"},"datePublished":"2018-11-27T15:23:17+00:00","dateModified":"2018-12-25T13:52:42+00:00","description":"\u0130ntron Bili\u015fim olarak ba\u015far\u0131 hikayemizi hayata ge\u00e7irdi\u011fimiz projelerimiz ile yazd\u0131k.400'\u00fcn \u00fczerinde kuruma binlerce ba\u015far\u0131l\u0131 proje ger\u00e7ekle\u015ftirdik.","breadcrumb":{"@id":"https:\/\/intronglobal.com\/eskisite\/en\/success-stories\/#breadcrumb"},"inLanguage":"tr","potentialAction":[{"@type":"ReadAction","target":["https:\/\/intronglobal.com\/eskisite\/en\/success-stories\/"]}]},{"@type":"BreadcrumbList","@id":"https:\/\/intronglobal.com\/eskisite\/en\/success-stories\/#breadcrumb","itemListElement":[{"@type":"ListItem","position":1,"name":"Success Stories"}]}]}},"_links":{"self":[{"href":"https:\/\/intronglobal.com\/eskisite\/wp-json\/wp\/v2\/pages\/968"}],"collection":[{"href":"https:\/\/intronglobal.com\/eskisite\/wp-json\/wp\/v2\/pages"}],"about":[{"href":"https:\/\/intronglobal.com\/eskisite\/wp-json\/wp\/v2\/types\/page"}],"author":[{"embeddable":true,"href":"https:\/\/intronglobal.com\/eskisite\/wp-json\/wp\/v2\/users\/1"}],"replies":[{"embeddable":true,"href":"https:\/\/intronglobal.com\/eskisite\/wp-json\/wp\/v2\/comments?post=968"}],"version-history":[{"count":0,"href":"https:\/\/intronglobal.com\/eskisite\/wp-json\/wp\/v2\/pages\/968\/revisions"}],"wp:attachment":[{"href":"https:\/\/intronglobal.com\/eskisite\/wp-json\/wp\/v2\/media?parent=968"}],"curies":[{"name":"wp","href":"https:\/\/api.w.org\/{rel}","templated":true}]}}